{"id":44222,"date":"2023-10-12T02:11:32","date_gmt":"2023-10-12T02:11:32","guid":{"rendered":"https:\/\/main-bvxea6i-rdjrocko7mvzg.us-2.platformsh.site\/?page_id=44222"},"modified":"2024-09-12T02:55:00","modified_gmt":"2024-09-12T02:55:00","slug":"futbol","status":"publish","type":"page","link":"https:\/\/diego-sas.cpp10.com\/es\/resultados-y-lineas\/futbol\/","title":{"rendered":"f\u00fatbol L\u00edneas, resultados y probabilidades"},"content":{"rendered":"<div class=\"gb-container gb-container-93a80ef8\">\n\n<h1 class=\"gb-headline gb-headline-77623468 gb-headline-text\">Futbol, resultados y lineas<\/h1>\n\n\n\n<p>Bienvenido a la p\u00e1gina oficial de <strong>Scores &amp; Stats<\/strong> del f\u00fatbol<\/p>\n\n\n\n<p>Ha llegado a la gu\u00eda completa de Scores &amp; Stats sobre las <strong>probabilidades y l\u00edneas de apuestas&nbsp; y resultados de futbol<\/strong>. Tanto si es un apostador experimentado como si es un novato, est\u00e1 en el lugar adecuado. Nuestra gu\u00eda est\u00e1 dise\u00f1ada para ayudar a cualquier apostador proporcionando informaci\u00f3n detallada para cada partido de la futbol de hoy, ayer y ma\u00f1ana.<\/p>\n\n\n\n<div id=rdg-widget-1698770008322><\/div><script>ShowRDGLeague({\"Container\":\"rdg-widget-1698770008322\",\"AmountOfDays\":\"3\",\"ShowMore\":true,\"IdLeague\":\"3716\"});<\/script>\n\n<\/div>\n\n\n<div class=\"gb-grid-wrapper gb-grid-wrapper-09eecd5b gb-query-loop-wrapper\"><\/div>\n\n<div class=\"gb-container gb-container-61f5b16b\">\n<div class=\"gb-container gb-container-d922d418 gb-query-loop-pagination\">\n\n\n\n\n\n<\/div>\n<\/div>\n\n\n\n<p><\/p>\n","protected":false},"excerpt":{"rendered":"<p>Futbol, resultados y lineas Bienvenido a la p\u00e1gina oficial de Scores &amp; Stats del f\u00fatbol Ha llegado a la gu\u00eda completa de<\/p>\n","protected":false},"author":20,"featured_media":196225,"parent":44137,"menu_order":0,"comment_status":"closed","ping_status":"closed","template":"","meta":{"_acf_changed":false,"footnotes":""},"class_list":{"0":"post-44222","1":"page","2":"type-page","3":"status-publish","4":"has-post-thumbnail","6":"resize-featured-image"},"acf":[],"_links":{"self":[{"href":"https:\/\/diego-sas.cpp10.com\/es\/wp-json\/wp\/v2\/pages\/44222","targetHints":{"allow":["GET"]}}],"collection":[{"href":"https:\/\/diego-sas.cpp10.com\/es\/wp-json\/wp\/v2\/pages"}],"about":[{"href":"https:\/\/diego-sas.cpp10.com\/es\/wp-json\/wp\/v2\/types\/page"}],"author":[{"embeddable":true,"href":"https:\/\/diego-sas.cpp10.com\/es\/wp-json\/wp\/v2\/users\/20"}],"replies":[{"embeddable":true,"href":"https:\/\/diego-sas.cpp10.com\/es\/wp-json\/wp\/v2\/comments?post=44222"}],"version-history":[{"count":4,"href":"https:\/\/diego-sas.cpp10.com\/es\/wp-json\/wp\/v2\/pages\/44222\/revisions"}],"predecessor-version":[{"id":127560,"href":"https:\/\/diego-sas.cpp10.com\/es\/wp-json\/wp\/v2\/pages\/44222\/revisions\/127560"}],"up":[{"embeddable":true,"href":"https:\/\/diego-sas.cpp10.com\/es\/wp-json\/wp\/v2\/pages\/44137"}],"wp:featuredmedia":[{"embeddable":true,"href":"https:\/\/diego-sas.cpp10.com\/es\/wp-json\/wp\/v2\/media\/196225"}],"wp:attachment":[{"href":"https:\/\/diego-sas.cpp10.com\/es\/wp-json\/wp\/v2\/media?parent=44222"}],"curies":[{"name":"wp","href":"https:\/\/api.w.org\/{rel}","templated":true}]}}