{"id":44214,"date":"2023-10-12T02:03:35","date_gmt":"2023-10-12T02:03:35","guid":{"rendered":"https:\/\/main-bvxea6i-rdjrocko7mvzg.us-2.platformsh.site\/?page_id=44214"},"modified":"2024-11-05T18:43:47","modified_gmt":"2024-11-05T18:43:47","slug":"ncaab","status":"publish","type":"page","link":"https:\/\/diego-sas.cpp10.com\/es\/resultados-y-lineas\/basquetbol\/ncaab\/","title":{"rendered":"NCAAB L\u00edneas, resultados y probabilidades"},"content":{"rendered":"\n<h1 class=\"gb-headline gb-headline-b05a1efa gb-headline-text\">Resultados y Lineas de NCAAB para los juegos de hoy y ayer<\/h1>\n\n\n<div class=\"gb-container gb-container-93a80ef8\">\n\n<p>Bienvenido a <strong>Scores &amp; Stats<\/strong>, la p\u00e1gina oficial de resultados y probabilidades de la NCAAB.<\/p>\n\n\n\n<p>Aqu\u00ed podr\u00e1s encontrar los resultados para todos los juegos del d\u00eda de hoy y ayer de la NCAAB , resultados en vivo y l\u00edneas en tiempo real, podr\u00e1s obtener informaci\u00f3n detallada de los resultados de los juegos de la temporada regular y la post temporada de la NCAAB, informaci\u00f3n detallada de los equipos que jugar\u00e1n los playoffs y las finales del basquetball de la NCAAB (NCAA Basketball)<\/p>\n\n\n\n<div id=rdg-widget-1698700163097><\/div><script>ShowRDGGroup({\"Container\":\"rdg-widget-1698700163097\",\"ShowMore\":true,\"IdWidgetSport\":\"3\",\"IdWidgetGroup\":\"7\"});<\/script>\n\n<\/div>\n\n\n<div class=\"gb-grid-wrapper gb-grid-wrapper-09eecd5b gb-query-loop-wrapper\"><\/div>\n\n<div class=\"gb-container gb-container-61f5b16b\">\n<div class=\"gb-container gb-container-d922d418 gb-query-loop-pagination\">\n\n\n\n\n\n<\/div>\n<\/div>\n","protected":false},"excerpt":{"rendered":"<p>Resultados y Lineas de NCAAB para los juegos de hoy y ayer Bienvenido a Scores &amp; Stats, la p\u00e1gina oficial de resultados<\/p>\n","protected":false},"author":20,"featured_media":0,"parent":44362,"menu_order":0,"comment_status":"closed","ping_status":"closed","template":"","meta":{"_acf_changed":false,"footnotes":""},"class_list":["post-44214","page","type-page","status-publish"],"acf":[],"_links":{"self":[{"href":"https:\/\/diego-sas.cpp10.com\/es\/wp-json\/wp\/v2\/pages\/44214","targetHints":{"allow":["GET"]}}],"collection":[{"href":"https:\/\/diego-sas.cpp10.com\/es\/wp-json\/wp\/v2\/pages"}],"about":[{"href":"https:\/\/diego-sas.cpp10.com\/es\/wp-json\/wp\/v2\/types\/page"}],"author":[{"embeddable":true,"href":"https:\/\/diego-sas.cpp10.com\/es\/wp-json\/wp\/v2\/users\/20"}],"replies":[{"embeddable":true,"href":"https:\/\/diego-sas.cpp10.com\/es\/wp-json\/wp\/v2\/comments?post=44214"}],"version-history":[{"count":8,"href":"https:\/\/diego-sas.cpp10.com\/es\/wp-json\/wp\/v2\/pages\/44214\/revisions"}],"predecessor-version":[{"id":144448,"href":"https:\/\/diego-sas.cpp10.com\/es\/wp-json\/wp\/v2\/pages\/44214\/revisions\/144448"}],"up":[{"embeddable":true,"href":"https:\/\/diego-sas.cpp10.com\/es\/wp-json\/wp\/v2\/pages\/44362"}],"wp:attachment":[{"href":"https:\/\/diego-sas.cpp10.com\/es\/wp-json\/wp\/v2\/media?parent=44214"}],"curies":[{"name":"wp","href":"https:\/\/api.w.org\/{rel}","templated":true}]}}