{"id":44182,"date":"2023-10-12T01:48:23","date_gmt":"2023-10-12T01:48:23","guid":{"rendered":"https:\/\/main-bvxea6i-rdjrocko7mvzg.us-2.platformsh.site\/?page_id=44182"},"modified":"2025-04-06T15:10:35","modified_gmt":"2025-04-06T15:10:35","slug":"ncaaf","status":"publish","type":"page","link":"https:\/\/diego-sas.cpp10.com\/es\/resultados-y-lineas\/futbol-americano\/ncaaf\/","title":{"rendered":"Resultados y Lineas de NCAAF para los juegos de hoy y ayer"},"content":{"rendered":"\n<h1 class=\"gb-headline gb-headline-19fc083b gb-headline-text\">Resultados y Lineas de NCAAF para los juegos de hoy y ayer<\/h1>\n\n\n<div class=\"gb-container gb-container-93a80ef8\">\n\n<p>Bienvenido a <strong>Scores &amp; Stats<\/strong>, la p\u00e1gina oficial de resultados y cuotas de la NCAAF.<\/p>\n\n\n\n<p>Empezando por la pretemporada y pasando por cada semana de la temporada regular hasta los playoffs, los jugadores de f\u00fatbol americano pueden encontrar toda la Aqu\u00ed podr\u00e1s encontrar los resultados para todos los juegos del d\u00eda de hoy y ayer de la NCAAF , resultados en vivo y l\u00edneas en tiempo real, podr\u00e1s obtener informaci\u00f3n detallada de los resultados de los juegos de la temporada regular y la post temporada de la NCAAF, informaci\u00f3n detallada de los equipos que jugar\u00e1n los playoffs y las finales del futbol americano de la NCAAF (NCAA Football)<\/p>\n\n\n\n<div id=rdg-widget-1698696558611><\/div><script>ShowRDGGroup({\"Container\":\"rdg-widget-1698696558611\",\"ShowMore\":true,\"IdWidgetSport\":\"1\",\"IdWidgetGroup\":\"2\"});<\/script>\n\n<\/div>\n\n\n<div class=\"gb-grid-wrapper gb-grid-wrapper-09eecd5b gb-query-loop-wrapper\"><\/div>\n\n<div class=\"gb-container gb-container-61f5b16b\">\n<div class=\"gb-container gb-container-d922d418 gb-query-loop-pagination\">\n\n\n\n\n\n<\/div>\n<\/div>\n","protected":false},"excerpt":{"rendered":"<p>Resultados y Lineas de NCAAF para los juegos de hoy y ayer Bienvenido a Scores &amp; Stats, la p\u00e1gina oficial de resultados<\/p>\n","protected":false},"author":20,"featured_media":223397,"parent":44153,"menu_order":0,"comment_status":"closed","ping_status":"closed","template":"","meta":{"_acf_changed":false,"footnotes":""},"class_list":{"0":"post-44182","1":"page","2":"type-page","3":"status-publish","4":"has-post-thumbnail","6":"resize-featured-image"},"acf":[],"_links":{"self":[{"href":"https:\/\/diego-sas.cpp10.com\/es\/wp-json\/wp\/v2\/pages\/44182","targetHints":{"allow":["GET"]}}],"collection":[{"href":"https:\/\/diego-sas.cpp10.com\/es\/wp-json\/wp\/v2\/pages"}],"about":[{"href":"https:\/\/diego-sas.cpp10.com\/es\/wp-json\/wp\/v2\/types\/page"}],"author":[{"embeddable":true,"href":"https:\/\/diego-sas.cpp10.com\/es\/wp-json\/wp\/v2\/users\/20"}],"replies":[{"embeddable":true,"href":"https:\/\/diego-sas.cpp10.com\/es\/wp-json\/wp\/v2\/comments?post=44182"}],"version-history":[{"count":5,"href":"https:\/\/diego-sas.cpp10.com\/es\/wp-json\/wp\/v2\/pages\/44182\/revisions"}],"predecessor-version":[{"id":144450,"href":"https:\/\/diego-sas.cpp10.com\/es\/wp-json\/wp\/v2\/pages\/44182\/revisions\/144450"}],"up":[{"embeddable":true,"href":"https:\/\/diego-sas.cpp10.com\/es\/wp-json\/wp\/v2\/pages\/44153"}],"wp:featuredmedia":[{"embeddable":true,"href":"https:\/\/diego-sas.cpp10.com\/es\/wp-json\/wp\/v2\/media\/223397"}],"wp:attachment":[{"href":"https:\/\/diego-sas.cpp10.com\/es\/wp-json\/wp\/v2\/media?parent=44182"}],"curies":[{"name":"wp","href":"https:\/\/api.w.org\/{rel}","templated":true}]}}