{"id":44161,"date":"2023-10-12T01:35:26","date_gmt":"2023-10-12T01:35:26","guid":{"rendered":"https:\/\/main-bvxea6i-rdjrocko7mvzg.us-2.platformsh.site\/?page_id=44161"},"modified":"2025-04-08T15:11:01","modified_gmt":"2025-04-08T15:11:01","slug":"nfl","status":"publish","type":"page","link":"https:\/\/diego-sas.cpp10.com\/es\/resultados-y-lineas\/futbol-americano\/nfl\/","title":{"rendered":"L\u00edneas, resultados y probabilidades de la NFL"},"content":{"rendered":"<div class=\"gb-container gb-container-93a80ef8\">\n\n<h1 class=\"gb-headline gb-headline-77623468 gb-headline-text\">L\u00edneas, resultados y probabilidades de la NFL<\/h1>\n\n\n\n<p>Bienvenido a Scores &amp; Stats, la p\u00e1gina oficial de resultados y probabilidades de la NFL.<\/p>\n\n\n\n<p>Empezando por la pretemporada y pasando por cada semana de la temporada regular hasta la Super Bowl, los apostadores de f\u00fatbol americano pueden encontrar toda la informaci\u00f3n actualizada para apostar en todos los partidos.<\/p>\n\n\n\n<div id=rdg-widget-1698696119266><\/div><script>ShowRDGGroup({\"Container\":\"rdg-widget-1698696119266\",\"ShowMore\":true,\"IdWidgetSport\":\"1\",\"IdWidgetGroup\":\"1\"});<\/script>\n\n<\/div>\n\n\n<div class=\"gb-grid-wrapper gb-grid-wrapper-09eecd5b gb-query-loop-wrapper\"><\/div>\n\n<div class=\"gb-container gb-container-61f5b16b\">\n<div class=\"gb-container gb-container-d922d418 gb-query-loop-pagination\">\n\n\n\n\n\n<\/div>\n<\/div>\n\n\n\n<p><strong>Esta p\u00e1gina de Probabilidades y L\u00edneas de la NFL se divide en tres secciones principales, a saber:<\/strong><\/p>\n\n\n\n<ul class=\"wp-block-list\">\n<li>Probabilidades y l\u00edneas de apuestas para los m\u00e1rgenes de puntos<\/li>\n\n\n\n<li>Probabilidades y l\u00edneas de apuestas para el OVER\/UNDER en las l\u00edneas totales<\/li>\n\n\n\n<li>Probabilidades y l\u00edneas de apuestas para la l\u00ednea de dinero<\/li>\n<\/ul>\n\n\n\n<p>Como servicio a\u00f1adido, tambi\u00e9n puede consultar las probabilidades de apuestas en las principales casas de apuestas deportivas en l\u00ednea del sector. Desde las mejores casas de apuestas en el extranjero para el mercado estadounidense hasta las cuotas de la NFL en Las Vegas, esta pr\u00e1ctica gu\u00eda detalla r\u00e1pidamente las l\u00edneas de apuestas actualizadas para cada una de estas casas de apuestas en l\u00ednea.<\/p>\n\n\n\n<p>Esta p\u00e1gina de probabilidades se actualiza constantemente en tiempo real para que los apostadores dispongan de los n\u00fameros que necesitan a la hora de realizar una apuesta. La selecci\u00f3n cruzada de casas de apuestas en l\u00ednea garantiza que obtendr\u00e1 los mejores n\u00fameros para cada partido de la NFL en el que decida apostar. Incluso existe la opci\u00f3n de hacer clic en la pesta\u00f1a &#8220;Apueste ahora&#8221; para conectarse a un sitio de apuestas real.<\/p>\n\n\n\n<p><strong>A lo largo de los a\u00f1os, millones de d\u00f3lares han cambiado de manos por medio punto en un solo partido. Por eso merece la pena dedicar tiempo y esfuerzo a buscar las l\u00edneas entre los sitios de apuestas en l\u00ednea mejor valorados del sector de las apuestas deportivas.<\/strong><\/p>\n\n\n\n<p>Otra caracter\u00edstica \u00fatil de la p\u00e1gina de Probabilidades y L\u00edneas de la NFL de Scores &amp; Stats es la opci\u00f3n de hacer clic para acceder a una rese\u00f1a completa e imparcial de cada casa de apuestas en l\u00ednea de la lista. Estas rese\u00f1as pueden ayudarle a encontrar una casa de apuestas deportivas online que satisfaga todas sus necesidades a la hora de apostar en los partidos.<\/p>\n\n\n\n<p>En la parte inferior de cada lista de partidos de la NFL de esa semana, encontrar\u00e1s una pesta\u00f1a separada para &#8220;Previa&#8221; y &#8220;Centro de Juego&#8221;. La secci\u00f3n &#8220;Previa&#8221; ofrece un desglose exhaustivo del partido desde el punto de vista de un experto en pron\u00f3sticos. Hay informaci\u00f3n pertinente para cada equipo de la NFL, puntos extra como claves del partido con una predicci\u00f3n de apuestas gratuita.<\/p>\n\n\n\n<p>La secci\u00f3n Game Center est\u00e1 repleta de las estad\u00edsticas m\u00e1s importantes, hechos y tendencias de apuestas recientes para cada enfrentamiento de la NFL en el tablero de apuestas. Aqu\u00ed es donde puede encontrar informaci\u00f3n sobre la forma de juego actual de cada equipo con resultados de partidos recientes, as\u00ed como un informe de lesiones actualizado y preciso.<\/p>\n\n\n\n<p>Si desea aumentar su porcentaje de victorias en la NFL y mejorar sus habilidades de pron\u00f3stico en el f\u00fatbol, la p\u00e1gina de probabilidades y l\u00edneas de la NFL de Scores &amp; Stats es el lugar donde encontrar\u00e1 todo lo que necesita saber sobre el pr\u00f3ximo partido.<\/p>\n\n\n\n<p>Comience la temporada con una nota alta a principios de septiembre con las probabilidades y l\u00edneas de la NFL de la Semana 1, las probabilidades y l\u00edneas de la NFL de la Semana 2, hasta la Semana 17. Acaba la temporada por todo lo alto con la Super Bowl el primer domingo de febrero.<\/p>\n","protected":false},"excerpt":{"rendered":"<p>L\u00edneas, resultados y probabilidades de la NFL Bienvenido a Scores &amp; Stats, la p\u00e1gina oficial de resultados y probabilidades de la NFL.<\/p>\n","protected":false},"author":1,"featured_media":224232,"parent":44153,"menu_order":0,"comment_status":"closed","ping_status":"closed","template":"","meta":{"_acf_changed":false,"footnotes":""},"class_list":{"0":"post-44161","1":"page","2":"type-page","3":"status-publish","4":"has-post-thumbnail","6":"resize-featured-image"},"acf":[],"_links":{"self":[{"href":"https:\/\/diego-sas.cpp10.com\/es\/wp-json\/wp\/v2\/pages\/44161","targetHints":{"allow":["GET"]}}],"collection":[{"href":"https:\/\/diego-sas.cpp10.com\/es\/wp-json\/wp\/v2\/pages"}],"about":[{"href":"https:\/\/diego-sas.cpp10.com\/es\/wp-json\/wp\/v2\/types\/page"}],"author":[{"embeddable":true,"href":"https:\/\/diego-sas.cpp10.com\/es\/wp-json\/wp\/v2\/users\/1"}],"replies":[{"embeddable":true,"href":"https:\/\/diego-sas.cpp10.com\/es\/wp-json\/wp\/v2\/comments?post=44161"}],"version-history":[{"count":5,"href":"https:\/\/diego-sas.cpp10.com\/es\/wp-json\/wp\/v2\/pages\/44161\/revisions"}],"predecessor-version":[{"id":126821,"href":"https:\/\/diego-sas.cpp10.com\/es\/wp-json\/wp\/v2\/pages\/44161\/revisions\/126821"}],"up":[{"embeddable":true,"href":"https:\/\/diego-sas.cpp10.com\/es\/wp-json\/wp\/v2\/pages\/44153"}],"wp:featuredmedia":[{"embeddable":true,"href":"https:\/\/diego-sas.cpp10.com\/es\/wp-json\/wp\/v2\/media\/224232"}],"wp:attachment":[{"href":"https:\/\/diego-sas.cpp10.com\/es\/wp-json\/wp\/v2\/media?parent=44161"}],"curies":[{"name":"wp","href":"https:\/\/api.w.org\/{rel}","templated":true}]}}