{"id":229779,"date":"2024-10-29T15:51:36","date_gmt":"2024-10-29T15:51:36","guid":{"rendered":"https:\/\/www.scoresandstats.com\/?page_id=229779"},"modified":"2025-04-23T00:29:08","modified_gmt":"2025-04-23T00:29:08","slug":"buy-picks-soccer","status":"publish","type":"page","link":"https:\/\/diego-sas.cpp10.com\/es\/pronosticos\/futbol\/","title":{"rendered":"Pron\u00f3sticos de Futbol"},"content":{"rendered":"<div class=\"gb-container gb-container-b5afbf95 betting-hero alignfull\">\n\n<div class=\"gb-element-0e3aeda9\"><div class=\"gb-container gb-container-13c5ebc3 betting-hero-container\">\n<div class=\"gb-grid-wrapper gb-grid-wrapper-721587b3\">\n<div class=\"gb-grid-column gb-grid-column-bd2db232\"><div class=\"gb-container gb-container-bd2db232 betting-hero-container-body\">\n<div class=\"gb-container gb-container-b01fdb9c betting-hero-container-title\">\n\n<h1 class=\"gb-headline gb-headline-8b062c78 gb-headline-text\"><strong>Pron\u00f3sticos semanales de expertos en f\u00fatbol &#8211; Temporada de f\u00fatbol 2024<\/strong><\/h1>\n\n\n\n<p>En ScoresandStats, te cubrimos todas las semanas de la temporada de f\u00fatbol. Nuestro blog te ofrece pron\u00f3sticos detallados, predicciones y desgloses de los partidos para que est\u00e9s siempre a la \u00faltima. Y lo mejor de todo es que estos consejos de expertos est\u00e1n disponibles para todo el mundo, \u00a1sin necesidad de suscripci\u00f3n!<\/p>\n\n\n\n<p>Descubre los pron\u00f3sticos semanales de cientos de handicappers verificados. Nuestros expertos desglosan la acci\u00f3n, ofreciendo tanto picks premium como gratuitos para cada partido. Mantente informado y haz jugadas inteligentes con el an\u00e1lisis de los mejores en el negocio.<\/p>\n\n\n<div class=\"gb-container gb-container-8824a6c6 betting-hero-container-sports\">\n<div class=\"gb-container gb-container-03af30e8 gb-container gb-container-03af30e8\"><a class=\"gb-container-link\" href=\"#lastest-nfl-blogs\"><\/a>\n\n<p class=\"gb-headline gb-headline-1fd078b3\"><span class=\"gb-icon\"><svg aria-hidden=\"true\" role=\"img\" height=\"1em\" width=\"1em\" viewBox=\"0 0 256 512\" xmlns=\"http:\/\/www.w3.org\/2000\/svg\"><path fill=\"currentColor\" d=\"M224.3 273l-136 136c-9.4 9.4-24.6 9.4-33.9 0l-22.6-22.6c-9.4-9.4-9.4-24.6 0-33.9l96.4-96.4-96.4-96.4c-9.4-9.4-9.4-24.6 0-33.9L54.3 103c9.4-9.4 24.6-9.4 33.9 0l136 136c9.5 9.4 9.5 24.6.1 34z\"><\/path><\/svg><\/span><span class=\"gb-headline-text\"><a href=\"#lastest-mlb-blogs\" data-type=\"internal\" data-id=\"#lastest-mlb-blogs\">\u00daltimos Art\u00edculos<\/a><\/span><\/p>\n\n<\/div>\n\n<div class=\"gb-container gb-container-daccfcd0 gb-container gb-container-03af30e8\"><a class=\"gb-container-link\" href=\"#leaderboard-top-nfl-handicapper-going-into-week-7\"><\/a>\n\n<p class=\"gb-headline gb-headline-5b300d8c\"><span class=\"gb-icon\"><svg aria-hidden=\"true\" role=\"img\" height=\"1em\" width=\"1em\" viewBox=\"0 0 256 512\" xmlns=\"http:\/\/www.w3.org\/2000\/svg\"><path fill=\"currentColor\" d=\"M224.3 273l-136 136c-9.4 9.4-24.6 9.4-33.9 0l-22.6-22.6c-9.4-9.4-9.4-24.6 0-33.9l96.4-96.4-96.4-96.4c-9.4-9.4-9.4-24.6 0-33.9L54.3 103c9.4-9.4 24.6-9.4 33.9 0l136 136c9.5 9.4 9.5 24.6.1 34z\"><\/path><\/svg><\/span><span class=\"gb-headline-text\"><a href=\"#leaderboard-top-nfl-handicapper-going-into-week-7\">Tabla de Clasificaciones<\/a><\/span><\/p>\n\n<\/div>\n\n<div class=\"gb-container gb-container-2b31aa49 gb-container gb-container-03af30e8\"><a class=\"gb-container-link\" href=\"#nfl-week-picks\"><\/a>\n\n<p class=\"gb-headline gb-headline-7c5b4572\"><span class=\"gb-icon\"><svg aria-hidden=\"true\" role=\"img\" height=\"1em\" width=\"1em\" viewBox=\"0 0 256 512\" xmlns=\"http:\/\/www.w3.org\/2000\/svg\"><path fill=\"currentColor\" d=\"M224.3 273l-136 136c-9.4 9.4-24.6 9.4-33.9 0l-22.6-22.6c-9.4-9.4-9.4-24.6 0-33.9l96.4-96.4-96.4-96.4c-9.4-9.4-9.4-24.6 0-33.9L54.3 103c9.4-9.4 24.6-9.4 33.9 0l136 136c9.5 9.4 9.5 24.6.1 34z\"><\/path><\/svg><\/span><span class=\"gb-headline-text\"><a href=\"#types-of-nfl-bets\">Pron\u00f3sticos Semanales<\/a><\/span><\/p>\n\n<\/div>\n\n<div class=\"gb-container gb-container-7c9de1ff gb-container gb-container-03af30e8\"><a class=\"gb-container-link\" href=\"#which-nfl-teams-have-the-best-chances-of-winning-their-game-on-the-nfl-week-7\"><\/a>\n\n<p class=\"gb-headline gb-headline-867b6698\"><span class=\"gb-icon\"><svg aria-hidden=\"true\" role=\"img\" height=\"1em\" width=\"1em\" viewBox=\"0 0 256 512\" xmlns=\"http:\/\/www.w3.org\/2000\/svg\"><path fill=\"currentColor\" d=\"M224.3 273l-136 136c-9.4 9.4-24.6 9.4-33.9 0l-22.6-22.6c-9.4-9.4-9.4-24.6 0-33.9l96.4-96.4-96.4-96.4c-9.4-9.4-9.4-24.6 0-33.9L54.3 103c9.4-9.4 24.6-9.4 33.9 0l136 136c9.5 9.4 9.5 24.6.1 34z\"><\/path><\/svg><\/span><span class=\"gb-headline-text\"><a href=\"#which-nfl-teams-have-the-best-chances-of-winning-their-game-on-the-nfl-week-7\">Agenda de F\u00fatbol<\/a><\/span><\/p>\n\n<\/div>\n<\/div>\n<\/div>\n<\/div><\/div>\n<\/div>\n<\/div>\n\n\n<div class=\"gb-element-d5e2dd18\">\n<h1 class=\"gb-headline gb-headline-2a7f8911 gb-headline-text\">Desbloquea 3.000 pron\u00f3sticos por s\u00f3lo 9$ \u00a1Precio especial de primer mes!<\/h1>\n\n\n\n<p class=\"gb-headline gb-headline-aee34f9e gb-headline-text\">\u00a1Registrate gratis en Scores and Stats para empezar a ganar!<\/p>\n\n\n\n<div>\n<img loading=\"lazy\" decoding=\"async\" width=\"800\" height=\"556\" class=\"gb-media-45528284\" src=\"https:\/\/www.scoresandstats.com\/app\/uploads\/2025\/04\/scoresandstats_features.webp\" title=\"scoresandstats_features\" srcset=\"https:\/\/diego-sas.cpp10.com\/app\/uploads\/2025\/04\/scoresandstats_features.webp 800w, https:\/\/diego-sas.cpp10.com\/app\/uploads\/2025\/04\/scoresandstats_features-300x209.webp 300w, https:\/\/diego-sas.cpp10.com\/app\/uploads\/2025\/04\/scoresandstats_features-768x534.webp 768w, https:\/\/diego-sas.cpp10.com\/app\/uploads\/2025\/04\/scoresandstats_features-167x116.webp 167w\" sizes=\"auto, (max-width: 800px) 100vw, 800px\" alt=\"\">\n<\/div>\n\n\n\n<a class=\"gb-text-07ede510\" href=\"https:\/\/www.scoresandstats.com\/es\/registro\/\" target=\"_blank\" rel=\"noopener\"><span class=\"gb-shape\"><svg aria-hidden=\"true\" role=\"img\" height=\"1em\" width=\"1em\" viewBox=\"0 0 256 512\" xmlns=\"http:\/\/www.w3.org\/2000\/svg\"><path fill=\"currentColor\" d=\"M224.3 273l-136 136c-9.4 9.4-24.6 9.4-33.9 0l-22.6-22.6c-9.4-9.4-9.4-24.6 0-33.9l96.4-96.4-96.4-96.4c-9.4-9.4-9.4-24.6 0-33.9L54.3 103c9.4-9.4 24.6-9.4 33.9 0l136 136c9.5 9.4 9.5 24.6.1 34z\"><\/path><\/svg><\/span><span class=\"gb-text\">Obt\u00e9n acceso hoy y gana m\u00e1s apuestas<\/span><\/a>\n<\/div>\n<\/div>\n\n<\/div>\n\n\n<div style=\"height:15px\" aria-hidden=\"true\" class=\"wp-block-spacer\"><\/div>\n\n\n\n<h2 class=\"wp-block-heading\" id=\"nfl-week-picks\">Explora los \u00faltimos pron\u00f3sticos semanales de f\u00fatbol<\/h2>\n\n\n\n<p>Sum\u00e9rgete en nuestros expertos pron\u00f3sticos semanales de f\u00fatbol y accede a nuestra \u00e1rea de miembros para obtener informaci\u00f3n privilegiada. Descubra qu\u00e9 equipos est\u00e1n preparados para ganar, cubrir la diferencia, acertar el over o el under, o ganar en la l\u00ednea de dinero, todo curado por nuestros expertos handicappers. \u00a1Mant\u00e9ngase a la vanguardia del juego, y hacer jugadas m\u00e1s inteligentes esta temporada!<\/p>\n\n\n\n<div style=\"height:15px\" aria-hidden=\"true\" class=\"wp-block-spacer\"><\/div>\n\n\n\n\n\n<div style=\"height:25px\" aria-hidden=\"true\" class=\"wp-block-spacer\"><\/div>\n\n\n\n<h2 class=\"wp-block-heading\" id=\"leaderboard-top-nfl-handicapper-going-into-week-7\">Tabla de Calificaciones \u2013 Resultados semanales en tiempo real de los mejores pronosticadores de f\u00fatbol<\/h2>\n\n\n\n<p>Mant\u00e9ngase al d\u00eda con nuestra tabla de clasificaci\u00f3n en tiempo real, siguiendo el rendimiento semanal de sus handicappers favoritos. Descubre qu\u00e9 expertos de f\u00fatbol est\u00e1n en racha para que puedas apostar con m\u00e1s confianza y prepararte para un fin de semana de f\u00fatbol rentable. No te pierdas nada, sigue a los ganadores y gana dinero con los mejores pron\u00f3sticos cada semana.<\/p>\n\n\n\n<div style=\"height:25px\" aria-hidden=\"true\" class=\"wp-block-spacer\"><\/div>\n\n\n<div class=\"gb-grid-wrapper gb-grid-wrapper-846cf394\">\n<div class=\"gb-grid-column gb-grid-column-abc23d85\"><div class=\"gb-container gb-container-abc23d85\">\n\n<\/div><\/div>\n\n<div class=\"gb-grid-column gb-grid-column-e09b7259\"><div class=\"gb-container gb-container-e09b7259\">\n\n<\/div><\/div>\n\n<div class=\"gb-grid-column gb-grid-column-b0108d34\"><div class=\"gb-container gb-container-b0108d34\">\n\n<\/div><\/div>\n\n<div class=\"gb-grid-column gb-grid-column-2dfa1300\"><div class=\"gb-container gb-container-2dfa1300\">\n\n<\/div><\/div>\n<\/div>\n\n\n<div style=\"height:25px\" aria-hidden=\"true\" class=\"wp-block-spacer\"><\/div>\n\n\n\n<h2 class=\"wp-block-heading\" id=\"a\">\u00daltimos avances y predicciones<\/h2>\n\n\n\n<div style=\"height:40px\" aria-hidden=\"true\" class=\"wp-block-spacer\"><\/div>\n\n\n\n<div class=\"gb-query-497273dc\">\n\n\n<div class=\"gb-element-10ecd75b gb-query-loop-pagination\">\n\n\n\n<\/div>\n\n\n\n\n<p class=\"gb-text\">No results found.<\/p>\n\n<\/div>\n\n\n\n<div style=\"height:44px\" aria-hidden=\"true\" class=\"wp-block-spacer\"><\/div>\n\n\n\n<h2 class=\"wp-block-heading\" id=\"lastest-nfl-blogs\">\u00daltimos Art\u00edculos<\/h2>\n\n\n<div class=\"gb-container gb-container-5b402913\">\n<div class=\"gb-container gb-container-8e169d86\">\n\n<div class=\"gb-grid-wrapper gb-grid-wrapper-99f0b7cc gb-query-loop-wrapper\">\n<div class=\"gb-grid-column gb-grid-column-55476e84 gb-query-loop-item post-247512 blog type-blog status-publish has-post-thumbnail hentry blog-category-bundesliga\"><div class=\"gb-container gb-container-55476e84\"><a class=\"gb-container-link\" href=\"https:\/\/diego-sas.cpp10.com\/es\/blog\/bundesliga-cuotas-predicciones\/\"><\/a>\n<figure class=\"gb-block-image gb-block-image-c037b631\"><img loading=\"lazy\" decoding=\"async\" width=\"1600\" height=\"900\" src=\"https:\/\/diego-sas.cpp10.com\/app\/uploads\/2024\/08\/2024-25-Bundesliga-Odds-and-Predictions.png\" class=\"gb-image-c037b631\" alt=\"2024-25 Bundesliga Odds and Predictions\" srcset=\"https:\/\/diego-sas.cpp10.com\/app\/uploads\/2024\/08\/2024-25-Bundesliga-Odds-and-Predictions.png 1600w, https:\/\/diego-sas.cpp10.com\/app\/uploads\/2024\/08\/2024-25-Bundesliga-Odds-and-Predictions-300x169.png 300w, https:\/\/diego-sas.cpp10.com\/app\/uploads\/2024\/08\/2024-25-Bundesliga-Odds-and-Predictions-1024x576.png 1024w, https:\/\/diego-sas.cpp10.com\/app\/uploads\/2024\/08\/2024-25-Bundesliga-Odds-and-Predictions-768x432.png 768w, https:\/\/diego-sas.cpp10.com\/app\/uploads\/2024\/08\/2024-25-Bundesliga-Odds-and-Predictions-1536x864.png 1536w, https:\/\/diego-sas.cpp10.com\/app\/uploads\/2024\/08\/2024-25-Bundesliga-Odds-and-Predictions-206x116.png 206w\" sizes=\"auto, (max-width: 1600px) 100vw, 1600px\" title=\"\"><\/figure>\n\n<h2 class=\"gb-headline gb-headline-31f33874 posttitlelink gb-headline-text\"><a href=\"https:\/\/diego-sas.cpp10.com\/es\/blog\/bundesliga-cuotas-predicciones\/\">Cuotas y Predicciones de la Bundesliga 2024-25<\/a><\/h2>\n\n<div class=\"gb-container gb-container-8140f09c\">\n\n<p class=\"gb-headline gb-headline-f712737a gb-headline-text\">by<\/p>\n\n\n<p class=\"gb-headline gb-headline-1d8b52b8 gb-headline-text\">Tyler<\/p>\n\n<p class=\"gb-headline gb-headline-074c6888 gb-headline-text\">Williams<\/p>\n\n\n<p class=\"gb-headline gb-headline-98402c19 gb-headline-text\">|<\/p>\n\n\n<p class=\"gb-headline gb-headline-47a31774 gb-headline-text\"><time class=\"entry-date published\" datetime=\"2024-08-11T15:59:28-04:00\">August 11, 2024<\/time><\/p>\n<\/div>\n<\/div><\/div>\n\n<div class=\"gb-grid-column gb-grid-column-55476e84 gb-query-loop-item post-251737 blog type-blog status-publish has-post-thumbnail hentry blog-category-la-liga\"><div class=\"gb-container gb-container-55476e84\"><a class=\"gb-container-link\" href=\"https:\/\/diego-sas.cpp10.com\/es\/blog\/la-liga-probabilidades-y-predicciones\/\"><\/a>\n<figure class=\"gb-block-image gb-block-image-c037b631\"><img loading=\"lazy\" decoding=\"async\" width=\"1600\" height=\"900\" src=\"https:\/\/diego-sas.cpp10.com\/app\/uploads\/2024\/08\/La-Liga-Title-Odds.png\" class=\"gb-image-c037b631\" alt=\"La Liga Title Odds\" srcset=\"https:\/\/diego-sas.cpp10.com\/app\/uploads\/2024\/08\/La-Liga-Title-Odds.png 1600w, https:\/\/diego-sas.cpp10.com\/app\/uploads\/2024\/08\/La-Liga-Title-Odds-300x169.png 300w, https:\/\/diego-sas.cpp10.com\/app\/uploads\/2024\/08\/La-Liga-Title-Odds-1024x576.png 1024w, https:\/\/diego-sas.cpp10.com\/app\/uploads\/2024\/08\/La-Liga-Title-Odds-768x432.png 768w, https:\/\/diego-sas.cpp10.com\/app\/uploads\/2024\/08\/La-Liga-Title-Odds-1536x864.png 1536w, https:\/\/diego-sas.cpp10.com\/app\/uploads\/2024\/08\/La-Liga-Title-Odds-206x116.png 206w\" sizes=\"auto, (max-width: 1600px) 100vw, 1600px\" title=\"\"><\/figure>\n\n<h2 class=\"gb-headline gb-headline-31f33874 posttitlelink gb-headline-text\"><a href=\"https:\/\/diego-sas.cpp10.com\/es\/blog\/la-liga-probabilidades-y-predicciones\/\">La Liga 2024 Cuotas y Predicciones.<\/a><\/h2>\n\n<div class=\"gb-container gb-container-8140f09c\">\n\n<p class=\"gb-headline gb-headline-f712737a gb-headline-text\">by<\/p>\n\n\n<p class=\"gb-headline gb-headline-1d8b52b8 gb-headline-text\">Tyler<\/p>\n\n<p class=\"gb-headline gb-headline-074c6888 gb-headline-text\">Williams<\/p>\n\n\n<p class=\"gb-headline gb-headline-98402c19 gb-headline-text\">|<\/p>\n\n\n<p class=\"gb-headline gb-headline-47a31774 gb-headline-text\"><time class=\"entry-date published\" datetime=\"2024-08-08T21:21:13-04:00\">August 8, 2024<\/time><\/p>\n<\/div>\n<\/div><\/div>\n<\/div>\n\n<\/div>\n<\/div>\n\n\n<div style=\"height:25px\" aria-hidden=\"true\" class=\"wp-block-spacer\"><\/div>\n\n\n\n<div style=\"height:25px\" aria-hidden=\"true\" class=\"wp-block-spacer\"><\/div>\n\n\n\n<h2 class=\"wp-block-heading\" id=\"which-nfl-teams-have-the-best-chances-of-winning-their-game-on-the-nfl-week-7\">Siga semanalmente a los equipos de f\u00fatbol con m\u00e1s posibilidades de ganar<\/h2>\n\n\n\n<p>La temporada de f\u00fatbol 2024 est\u00e1 repleta de emocionantes enfrentamientos que definir\u00e1n el camino hacia los playoffs. Mantente al d\u00eda sobre los mejores equipos y sus posibilidades de sobresalir cada semana a medida que aumenta la intensidad.<\/p>\n\n\n\n<p>A continuaci\u00f3n, te ofrecemos un resumen de las fechas clave de la temporada de f\u00fatbol 2024, para que no te pierdas ning\u00fan momento crucial. Prep\u00e1rate para una electrizante temporada de baloncesto y permanece atento a los partidos m\u00e1s importantes en el camino hacia las finales.<\/p>\n\n\n\n<div style=\"height:20px\" aria-hidden=\"true\" class=\"wp-block-spacer\"><\/div>\n\n\n<div class=\"gb-container gb-container-bb1ff98f cta-banner\">\n<div class=\"gb-container gb-container-795edcab\">\n\n<figure class=\"gb-block-image gb-block-image-bb6ad495\"><img loading=\"lazy\" decoding=\"async\" width=\"175\" height=\"23\" class=\"gb-image gb-image-bb6ad495\" src=\"https:\/\/www.scoresandstats.com\/app\/uploads\/2024\/10\/sas-logo.png\" alt=\"\" title=\"sas logo\"><\/figure>\n\n<\/div>\n\n<div class=\"gb-container gb-container-a5d2ba4d\">\n<div class=\"gb-container gb-container-e3b892c8\">\n\n<p class=\"gb-headline gb-headline-b7683044 gb-headline-text\">Pron\u00f3sticos de f\u00fatbol Inside<\/p>\n\n\n\n<p class=\"gb-headline gb-headline-a07839dc gb-headline-text\">Handicapping Membership<\/p>\n\n<\/div>\n\n<div class=\"gb-container gb-container-5f5ae668\">\n\n<a class=\"gb-button gb-button-3f76c4b6 gb-button-text\" href=\"https:\/\/www.scoresandstats.com\/es\/registro\/\" target=\"_blank\" rel=\"noopener\">Obt\u00e9n Acceso Gratis<\/a>\n\n<\/div>\n<\/div>\n<\/div>\n\n\n<div style=\"height:20px\" aria-hidden=\"true\" class=\"wp-block-spacer\"><\/div>\n\n\n\n<h2 class=\"wp-block-heading\">Torneos de Futbol Actuales 2024: Ligas y Torneos<\/h2>\n\n\n\n<figure class=\"wp-block-table\"><table class=\"has-fixed-layout\"><thead><tr><th class=\"has-text-align-center\" data-align=\"center\">Liga<\/th><th class=\"has-text-align-center\" data-align=\"center\">Pa\u00eds\/Regi\u00f3n<\/th><th class=\"has-text-align-center\" data-align=\"center\">Fundado<\/th><th class=\"has-text-align-center\" data-align=\"center\">Actual Campe\u00f3n<\/th><\/tr><\/thead><tbody><tr><td class=\"has-text-align-center\" data-align=\"center\"><a href=\"https:\/\/www.scoresandstats.com\/picks\/soccer\/premier-league\/\" target=\"_blank\" rel=\"noopener\">Premier League<\/a><\/td><td class=\"has-text-align-center\" data-align=\"center\">England<\/td><td class=\"has-text-align-center\" data-align=\"center\">1992<\/td><td class=\"has-text-align-center\" data-align=\"center\">Manchester City<\/td><\/tr><tr><td class=\"has-text-align-center\" data-align=\"center\"><a href=\"https:\/\/www.scoresandstats.com\/picks\/soccer\/bundesliga\/\" target=\"_blank\" rel=\"noopener\">Bundesliga<\/a><\/td><td class=\"has-text-align-center\" data-align=\"center\">Germany<\/td><td class=\"has-text-align-center\" data-align=\"center\">1963<\/td><td class=\"has-text-align-center\" data-align=\"center\">Bayer Leverkusen<\/td><\/tr><tr><td class=\"has-text-align-center\" data-align=\"center\"><a href=\"https:\/\/www.scoresandstats.com\/picks\/soccer\/ligue-1\/\" target=\"_blank\" rel=\"noopener\">Ligue 1<\/a><\/td><td class=\"has-text-align-center\" data-align=\"center\">France<\/td><td class=\"has-text-align-center\" data-align=\"center\">1932<\/td><td class=\"has-text-align-center\" data-align=\"center\">Paris Saint-Germain<\/td><\/tr><tr><td class=\"has-text-align-center\" data-align=\"center\"><a href=\"https:\/\/www.scoresandstats.com\/picks\/soccer\/mls\/\" target=\"_blank\" rel=\"noopener\">MLS<\/a><\/td><td class=\"has-text-align-center\" data-align=\"center\">USA\/Canada<\/td><td class=\"has-text-align-center\" data-align=\"center\">1993<\/td><td class=\"has-text-align-center\" data-align=\"center\">Columbus Crew<\/td><\/tr><tr><td class=\"has-text-align-center\" data-align=\"center\"><a href=\"https:\/\/www.scoresandstats.com\/picks\/soccer\/la-liga\/\" target=\"_blank\" rel=\"noopener\">La Liga<\/a><\/td><td class=\"has-text-align-center\" data-align=\"center\">Spain<\/td><td class=\"has-text-align-center\" data-align=\"center\">1929<\/td><td class=\"has-text-align-center\" data-align=\"center\">Real Madrid<\/td><\/tr><tr><td class=\"has-text-align-center\" data-align=\"center\"><a href=\"https:\/\/www.scoresandstats.com\/picks\/soccer\/serie-a\/\" target=\"_blank\" rel=\"noopener\">Serie A<\/a><\/td><td class=\"has-text-align-center\" data-align=\"center\">Italy<\/td><td class=\"has-text-align-center\" data-align=\"center\">1898<\/td><td class=\"has-text-align-center\" data-align=\"center\">Internazionale Milano (Inter)<\/td><\/tr><\/tbody><\/table><\/figure>\n\n\n\n<div style=\"height:20px\" aria-hidden=\"true\" class=\"wp-block-spacer\"><\/div>\n\n\n\n<figure class=\"wp-block-table\"><table class=\"has-fixed-layout\"><thead><tr><th class=\"has-text-align-center\" data-align=\"center\">Torneo<\/th><th class=\"has-text-align-center\" data-align=\"center\">Region<\/th><th class=\"has-text-align-center\" data-align=\"center\">Fundado<\/th><th class=\"has-text-align-center\" data-align=\"center\">Actual Campe\u00f3n<\/th><\/tr><\/thead><tbody><tr><td class=\"has-text-align-center\" data-align=\"center\"><a href=\"https:\/\/www.scoresandstats.com\/picks\/soccer\/champions-league\/\" target=\"_blank\" rel=\"noopener\">Champions League<\/a><\/td><td class=\"has-text-align-center\" data-align=\"center\">Europe<\/td><td class=\"has-text-align-center\" data-align=\"center\">1955<\/td><td class=\"has-text-align-center\" data-align=\"center\">Real Madrid<\/td><\/tr><tr><td class=\"has-text-align-center\" data-align=\"center\"><a href=\"https:\/\/www.scoresandstats.com\/picks\/soccer\/nations-league\/\" target=\"_blank\" rel=\"noopener\">Nations League<\/a><\/td><td class=\"has-text-align-center\" data-align=\"center\">Europe<\/td><td class=\"has-text-align-center\" data-align=\"center\">2018<\/td><td class=\"has-text-align-center\" data-align=\"center\">Spain<\/td><\/tr><tr><td class=\"has-text-align-center\" data-align=\"center\"><a href=\"https:\/\/www.scoresandstats.com\/picks\/soccer\/europa-league\/\" target=\"_blank\" rel=\"noopener\">Europa League<\/a><\/td><td class=\"has-text-align-center\" data-align=\"center\">Europe<\/td><td class=\"has-text-align-center\" data-align=\"center\">1971<\/td><td class=\"has-text-align-center\" data-align=\"center\">Atalanta<\/td><\/tr><tr><td class=\"has-text-align-center\" data-align=\"center\"><a href=\"https:\/\/www.scoresandstats.com\/picks\/soccer\/conference-league\/\" target=\"_blank\" rel=\"noopener\">Conference League<\/a><\/td><td class=\"has-text-align-center\" data-align=\"center\">Europe<\/td><td class=\"has-text-align-center\" data-align=\"center\">2021<\/td><td class=\"has-text-align-center\" data-align=\"center\">Olimpiacos<\/td><\/tr><tr><td class=\"has-text-align-center\" data-align=\"center\"><a href=\"https:\/\/www.scoresandstats.com\/picks\/soccer\/copa-libertadores\/\" target=\"_blank\" rel=\"noopener\">Copa Libertadores<\/a><\/td><td class=\"has-text-align-center\" data-align=\"center\">South America<\/td><td class=\"has-text-align-center\" data-align=\"center\">1960<\/td><td class=\"has-text-align-center\" data-align=\"center\">Fluminense<\/td><\/tr><tr><td class=\"has-text-align-center\" data-align=\"center\"><a href=\"https:\/\/www.scoresandstats.com\/picks\/soccer\/concacaf-champions-league\/\" target=\"_blank\" rel=\"noopener\">Concacaf Champions Cup<\/a><\/td><td class=\"has-text-align-center\" data-align=\"center\">North\/Central America<\/td><td class=\"has-text-align-center\" data-align=\"center\">1962<\/td><td class=\"has-text-align-center\" data-align=\"center\">Pachuca<\/td><\/tr><\/tbody><\/table><\/figure>\n\n\n\n<div style=\"height:20px\" aria-hidden=\"true\" class=\"wp-block-spacer\"><\/div>\n\n\n\n<h2 class=\"wp-block-heading\" id=\"top-rated-nfl-picks-join-scores-and-stats-now-to-see-who-wins-and-covers-this-weeks-nfl-games\">\u00a1Los mejores pron\u00f3sticos de f\u00fatbol! \u00danete a Marcadores y Estad\u00edsticas ahora para ver qui\u00e9n gana y cubre los partidos de esta semana<\/h2>\n\n\n\n<p>Obtenga la ventaja que necesita para realizar pron\u00f3sticos de f\u00fatbol con confianza gracias a las opiniones de los expertos. \u00bfA qu\u00e9 equipos merece la pena apostar en los partidos de esta semana? \u00bfY a qu\u00e9 equipo deber\u00edas apostar ahora mismo?<\/p>\n\n\n\n<p>\u00danase a Scores and Stats hoy mismo y descubra las jugadas ganadoras con equipos preparados para ganar y cubrir la diferencia, todo respaldado por expertos de f\u00fatbol de confianza. No se lo pierda, \u00a1apueste con inteligencia y empiece a ganar ahora!<\/p>\n\n\n\n<div style=\"height:25px\" aria-hidden=\"true\" class=\"wp-block-spacer\"><\/div>\n","protected":false},"excerpt":{"rendered":"<p>Desbloquea 3.000 pron\u00f3sticos por s\u00f3lo 9$ \u00a1Precio especial de primer mes! \u00a1Registrate gratis en Scores and Stats para empezar a ganar! Obt\u00e9n<\/p>\n","protected":false},"author":2,"featured_media":0,"parent":0,"menu_order":0,"comment_status":"closed","ping_status":"closed","template":"","meta":{"_acf_changed":false,"footnotes":""},"class_list":["post-229779","page","type-page","status-publish"],"acf":[],"_links":{"self":[{"href":"https:\/\/diego-sas.cpp10.com\/es\/wp-json\/wp\/v2\/pages\/229779","targetHints":{"allow":["GET"]}}],"collection":[{"href":"https:\/\/diego-sas.cpp10.com\/es\/wp-json\/wp\/v2\/pages"}],"about":[{"href":"https:\/\/diego-sas.cpp10.com\/es\/wp-json\/wp\/v2\/types\/page"}],"author":[{"embeddable":true,"href":"https:\/\/diego-sas.cpp10.com\/es\/wp-json\/wp\/v2\/users\/2"}],"replies":[{"embeddable":true,"href":"https:\/\/diego-sas.cpp10.com\/es\/wp-json\/wp\/v2\/comments?post=229779"}],"version-history":[{"count":6,"href":"https:\/\/diego-sas.cpp10.com\/es\/wp-json\/wp\/v2\/pages\/229779\/revisions"}],"predecessor-version":[{"id":230405,"href":"https:\/\/diego-sas.cpp10.com\/es\/wp-json\/wp\/v2\/pages\/229779\/revisions\/230405"}],"wp:attachment":[{"href":"https:\/\/diego-sas.cpp10.com\/es\/wp-json\/wp\/v2\/media?parent=229779"}],"curies":[{"name":"wp","href":"https:\/\/api.w.org\/{rel}","templated":true}]}}